{"id":8,"date":"2025-12-22T16:36:53","date_gmt":"2025-12-22T15:36:53","guid":{"rendered":"https:\/\/silverpark.oferta-dewelopera.pl\/?page_id=8"},"modified":"2026-02-26T12:00:59","modified_gmt":"2026-02-26T11:00:59","slug":"elementor-8","status":"publish","type":"page","link":"https:\/\/silverpark.oferta-dewelopera.pl\/","title":{"rendered":"Landing page"},"content":{"rendered":"\t\t<div data-elementor-type=\"wp-post\" data-elementor-id=\"8\" class=\"elementor elementor-8\">\n\t\t\t\t<div class=\"elementor-element elementor-element-69615fe e-flex e-con-boxed e-con e-parent\" data-id=\"69615fe\" data-element_type=\"container\" data-settings=\"{&quot;background_background&quot;:&quot;classic&quot;}\">\n\t\t\t\t\t<div class=\"e-con-inner\">\n\t\t\t\t<div class=\"elementor-element elementor-element-bd3581f elementor-widget elementor-widget-heading\" data-id=\"bd3581f\" data-element_type=\"widget\" data-widget_type=\"heading.default\">\n\t\t\t\t\t<h2 class=\"elementor-heading-title elementor-size-default\">Zadzwo\u0144: +48 797 475 306<\/h2>\t\t\t\t<\/div>\n\t\t\t\t\t<\/div>\n\t\t\t\t<\/div>\n\t\t<div class=\"elementor-element elementor-element-0742de0 e-flex e-con-boxed e-con e-parent\" data-id=\"0742de0\" data-element_type=\"container\">\n\t\t\t\t\t<div class=\"e-con-inner\">\n\t\t\t\t<div class=\"elementor-element elementor-element-dbb3170 elementor-widget elementor-widget-image\" data-id=\"dbb3170\" data-element_type=\"widget\" data-widget_type=\"image.default\">\n\t\t\t\t\t\t\t\t\t\t\t\t\t\t\t<img fetchpriority=\"high\" decoding=\"async\" width=\"512\" height=\"315\" src=\"https:\/\/silverpark.oferta-dewelopera.pl\/wp-content\/uploads\/2025\/12\/logo-5She7mTV.png\" class=\"attachment-large size-large wp-image-31\" alt=\"\" srcset=\"https:\/\/silverpark.oferta-dewelopera.pl\/wp-content\/uploads\/2025\/12\/logo-5She7mTV.png 512w, https:\/\/silverpark.oferta-dewelopera.pl\/wp-content\/uploads\/2025\/12\/logo-5She7mTV-300x185.png 300w\" sizes=\"(max-width: 512px) 100vw, 512px\" \/>\t\t\t\t\t\t\t\t\t\t\t\t\t\t\t<\/div>\n\t\t\t\t<div class=\"elementor-element elementor-element-050be36 elementor-widget elementor-widget-heading\" data-id=\"050be36\" data-element_type=\"widget\" data-widget_type=\"heading.default\">\n\t\t\t\t\t<h2 class=\"elementor-heading-title elementor-size-default\">Nowoczesne mieszkania w Olkuszu<br><b>Od <\/b><strong>269&nbsp;169&nbsp;z\u0142 <\/strong><b> w harmonogramie <\/b><i><b>30\/70<\/b><\/i><\/h2>\t\t\t\t<\/div>\n\t\t\t\t<div class=\"elementor-element elementor-element-e5d2c5c elementor-widget elementor-widget-text-editor\" data-id=\"e5d2c5c\" data-element_type=\"widget\" data-widget_type=\"text-editor.default\">\n\t\t\t\t\t\t\t\t\t<p>56 mieszka\u0144 w <b>centrum<\/b> Olkusza o powierzchniach od 30\u00a0do 80 m<sup>2<\/sup><b>. Dzisiaj p\u0142acisz 30%, a 70% pod odbiorze.<\/b><\/p>\t\t\t\t\t\t\t\t<\/div>\n\t\t\t\t\t<\/div>\n\t\t\t\t<\/div>\n\t\t<div class=\"elementor-element elementor-element-354c021 e-flex e-con-boxed e-con e-parent\" data-id=\"354c021\" data-element_type=\"container\" data-settings=\"{&quot;background_background&quot;:&quot;classic&quot;}\">\n\t\t\t\t\t<div class=\"e-con-inner\">\n\t\t<div class=\"elementor-element elementor-element-a03ec6e e-con-full e-flex e-con e-child\" data-id=\"a03ec6e\" data-element_type=\"container\">\n\t\t<div class=\"elementor-element elementor-element-93d3440 e-con-full e-flex e-con e-child\" data-id=\"93d3440\" data-element_type=\"container\" data-settings=\"{&quot;background_background&quot;:&quot;classic&quot;}\">\n\t\t\t\t<\/div>\n\t\t<div class=\"elementor-element elementor-element-198b3f1 e-con-full e-flex e-con e-child\" data-id=\"198b3f1\" data-element_type=\"container\" data-settings=\"{&quot;background_background&quot;:&quot;classic&quot;}\">\n\t\t\t\t<div class=\"elementor-element elementor-element-01f63aa elementor-widget elementor-widget-heading\" data-id=\"01f63aa\" data-element_type=\"widget\" data-widget_type=\"heading.default\">\n\t\t\t\t\t<h2 class=\"elementor-heading-title elementor-size-default\"><b>Wype\u0142nij formularz<\/b> i poznaj ofert\u0119<\/h2>\t\t\t\t<\/div>\n\t\t\t\t<div class=\"elementor-element elementor-element-cda905a elementor-widget elementor-widget-shortcode\" data-id=\"cda905a\" data-element_type=\"widget\" data-widget_type=\"shortcode.default\">\n\t\t\t\t\t\t\t<div class=\"elementor-shortcode\"><div class=\"forminator-ui forminator-custom-form forminator-custom-form-57 forminator-design--default  forminator_ajax\" data-forminator-render=\"0\" data-form=\"forminator-module-57\" data-uid=\"69e5f48d5ba6e\"><br\/><\/div><form\n\t\t\t\tid=\"forminator-module-57\"\n\t\t\t\tclass=\"forminator-ui forminator-custom-form forminator-custom-form-57 forminator-design--default  forminator_ajax\"\n\t\t\t\tmethod=\"post\"\n\t\t\t\tdata-forminator-render=\"0\"\n\t\t\t\tdata-form-id=\"57\"\n\t\t\t\t data-color-option=\"theme\" data-design=\"default\" data-grid=\"open\" style=\"display: none;\"\n\t\t\t\tdata-uid=\"69e5f48d5ba6e\"\n\t\t\t><div role=\"alert\" aria-live=\"polite\" class=\"forminator-response-message forminator-error\" aria-hidden=\"true\"><\/div><div class=\"forminator-row\"><div id=\"name-1\" class=\"forminator-field-name forminator-col forminator-col-12 \"><div class=\"forminator-field\"><input type=\"text\" name=\"name-1\" value=\"\" placeholder=\"Imi\u0119 (Wymagane)\" id=\"forminator-field-name-1_69e5f48d5ba6e\" class=\"forminator-input forminator-name--field\" aria-required=\"true\" autocomplete=\"name\" \/><\/div><\/div><\/div><div class=\"forminator-row\"><div id=\"phone-1\" class=\"forminator-field-phone forminator-col forminator-col-12 \"><div class=\"forminator-field\"><input type=\"text\" name=\"phone-1\" value=\"\" placeholder=\"Telefon (Wymagane)\" id=\"forminator-field-phone-1_69e5f48d5ba6e\" class=\"forminator-input forminator-field--phone\" data-required=\"1\" aria-required=\"true\" autocomplete=\"off\" \/><\/div><\/div><\/div><div class=\"forminator-row\"><div id=\"email-1\" class=\"forminator-field-email forminator-col forminator-col-12 \"><div class=\"forminator-field\"><input type=\"email\" name=\"email-1\" value=\"\" placeholder=\"E-mail (Wymagane)\" id=\"forminator-field-email-1_69e5f48d5ba6e\" class=\"forminator-input forminator-email--field\" data-required=\"1\" aria-required=\"true\" autocomplete=\"email\" \/><\/div><\/div><\/div><div class=\"forminator-row\"><div id=\"checkbox-1\" class=\"forminator-field-checkbox forminator-col forminator-col-12 \"><div role=\"group\" class=\"forminator-field required\" aria-labelledby=\"forminator-checkbox-group-forminator-field-checkbox-1-69e5f48d5ba6e-label\"><label id=\"forminator-field-checkbox-1-1-69e5f48d5ba6e-label\" for=\"forminator-field-checkbox-1-1-69e5f48d5ba6e\" class=\"forminator-checkbox\" title=\"Zgadzam si\u0119 na przetwarzanie moich danych osobowych zgodnie z Polityk\u0105 Prywatno\u015bci\"><input type=\"checkbox\" name=\"checkbox-1[]\" value=\"one\" id=\"forminator-field-checkbox-1-1-69e5f48d5ba6e\" aria-labelledby=\"forminator-field-checkbox-1-1-69e5f48d5ba6e-label\" data-calculation=\"0\"   data-hidden-behavior=\"zero\"\/><span class=\"forminator-checkbox-box\" aria-hidden=\"true\"><\/span><span class=\"forminator-checkbox-label\">Zgadzam si\u0119 na przetwarzanie moich danych osobowych zgodnie z Polityk\u0105 Prywatno\u015bci<\/span><\/label><\/div><\/div><\/div><input type=\"hidden\" name=\"referer_url\" value=\"\" \/><div class=\"forminator-row forminator-row-last\"><div class=\"forminator-col\"><div class=\"forminator-field\"><button class=\"forminator-button forminator-button-submit\">Wy\u015blij wiadomo\u015b\u0107<\/button><\/div><\/div><\/div><input type=\"hidden\" id=\"forminator_nonce\" name=\"forminator_nonce\" value=\"bf28509930\" \/><input type=\"hidden\" name=\"_wp_http_referer\" value=\"\/index.php?rest_route=%2Fwp%2Fv2%2Fpages%2F8\" \/><input type=\"hidden\" name=\"form_id\" value=\"57\"><input type=\"hidden\" name=\"page_id\" value=\"8\"><input type=\"hidden\" name=\"form_type\" value=\"default\"><input type=\"hidden\" name=\"current_url\" value=\"https:\/\/silverpark.oferta-dewelopera.pl\/\"><input type=\"hidden\" name=\"render_id\" value=\"0\"><input type=\"hidden\" name=\"action\" value=\"forminator_submit_form_custom-forms\"><label for=\"input_5\" class=\"forminator-hidden\" aria-hidden=\"true\">Please do not fill in this field. <input id=\"input_5\" type=\"text\" name=\"input_5\" value=\"\" autocomplete=\"off\"><\/label><\/form><\/div>\n\t\t\t\t\t\t<\/div>\n\t\t\t\t<\/div>\n\t\t\t\t<\/div>\n\t\t\t\t\t<\/div>\n\t\t\t\t<\/div>\n\t\t<div class=\"elementor-element elementor-element-c0264ad e-flex e-con-boxed e-con e-parent\" data-id=\"c0264ad\" data-element_type=\"container\" data-settings=\"{&quot;background_background&quot;:&quot;classic&quot;}\">\n\t\t\t\t\t<div class=\"e-con-inner\">\n\t\t\t\t<div class=\"elementor-element elementor-element-0f1d242 elementor-widget elementor-widget-heading\" data-id=\"0f1d242\" data-element_type=\"widget\" data-widget_type=\"heading.default\">\n\t\t\t\t\t<h2 class=\"elementor-heading-title elementor-size-default\"><b>Co zyskasz<\/b> <br>mieszkaj\u0105c w Silver Park?<\/h2>\t\t\t\t<\/div>\n\t\t\t\t<div class=\"elementor-element elementor-element-fce43a6 elementor-widget elementor-widget-text-editor\" data-id=\"fce43a6\" data-element_type=\"widget\" data-widget_type=\"text-editor.default\">\n\t\t\t\t\t\t\t\t\t<p>Poznaj jedne z wielu atut\u00f3w inwestycji Silver Park w Olkuszu<\/p>\t\t\t\t\t\t\t\t<\/div>\n\t\t\t\t\t<\/div>\n\t\t\t\t<\/div>\n\t\t<div class=\"elementor-element elementor-element-cb6ba4d e-flex e-con-boxed e-con e-parent\" data-id=\"cb6ba4d\" data-element_type=\"container\" data-settings=\"{&quot;background_background&quot;:&quot;classic&quot;}\">\n\t\t\t\t\t<div class=\"e-con-inner\">\n\t\t<div class=\"elementor-element elementor-element-a08c723 e-con-full e-flex e-con e-child\" data-id=\"a08c723\" data-element_type=\"container\" data-settings=\"{&quot;background_background&quot;:&quot;classic&quot;}\">\n\t\t\t\t<div class=\"elementor-element elementor-element-fdc08b2 elementor-widget elementor-widget-heading\" data-id=\"fdc08b2\" data-element_type=\"widget\" data-widget_type=\"heading.default\">\n\t\t\t\t\t<h2 class=\"elementor-heading-title elementor-size-default\">Mieszkanie w centrum<br>Olkusza<\/h2>\t\t\t\t<\/div>\n\t\t\t\t<div class=\"elementor-element elementor-element-5d3eaa0 elementor-widget elementor-widget-text-editor\" data-id=\"5d3eaa0\" data-element_type=\"widget\" data-widget_type=\"text-editor.default\">\n\t\t\t\t\t\t\t\t\t<p>Blisko\u015b\u0107 Rynku, szk\u00f3\u0142 i sklep\u00f3w to wygoda, kt\u00f3ra oszcz\u0119dza Tw\u00f3j czas ka\u017cdego dnia. Wszystko, czego potrzebujesz, masz na wyci\u0105gni\u0119cie r\u0119ki.<\/p>\t\t\t\t\t\t\t\t<\/div>\n\t\t\t\t<\/div>\n\t\t<div class=\"elementor-element elementor-element-f188e0a e-con-full e-flex e-con e-child\" data-id=\"f188e0a\" data-element_type=\"container\" data-settings=\"{&quot;background_background&quot;:&quot;classic&quot;}\">\n\t\t\t\t<div class=\"elementor-element elementor-element-5e1e5de elementor-widget elementor-widget-heading\" data-id=\"5e1e5de\" data-element_type=\"widget\" data-widget_type=\"heading.default\">\n\t\t\t\t\t<h2 class=\"elementor-heading-title elementor-size-default\">Promocyjne ceny <br>od 7900 z\u0142\/m2<\/h2>\t\t\t\t<\/div>\n\t\t\t\t<div class=\"elementor-element elementor-element-3689973 elementor-widget elementor-widget-text-editor\" data-id=\"3689973\" data-element_type=\"widget\" data-widget_type=\"text-editor.default\">\n\t\t\t\t\t\t\t\t\t<p>Nowoczesna architektura w rozs\u0105dnym bud\u017cecie. To doskona\u0142y stosunek jako\u015bci do ceny oraz bezpieczna lokata kapita\u0142u na przysz\u0142o\u015b\u0107.<\/p>\t\t\t\t\t\t\t\t<\/div>\n\t\t\t\t<\/div>\n\t\t<div class=\"elementor-element elementor-element-31e554b e-con-full e-flex e-con e-child\" data-id=\"31e554b\" data-element_type=\"container\" data-settings=\"{&quot;background_background&quot;:&quot;classic&quot;}\">\n\t\t\t\t<div class=\"elementor-element elementor-element-cc2cf39 elementor-widget elementor-widget-heading\" data-id=\"cc2cf39\" data-element_type=\"widget\" data-widget_type=\"heading.default\">\n\t\t\t\t\t<h2 class=\"elementor-heading-title elementor-size-default\">Atrakcyjn\u0105 lokalizacj\u0119 <br>w Olkuszu<\/h2>\t\t\t\t<\/div>\n\t\t\t\t<div class=\"elementor-element elementor-element-8af422e elementor-widget elementor-widget-text-editor\" data-id=\"8af422e\" data-element_type=\"widget\" data-widget_type=\"text-editor.default\">\n\t\t\t\t\t\t\t\t\t<p>S\u0105siedztwo teren\u00f3w rekreacyjnych zach\u0119ca do ruchu, a \u015bwietna komunikacja z Krakowem i \u015al\u0105skiem zapewnia pe\u0142n\u0105 mobilno\u015b\u0107.<\/p>\t\t\t\t\t\t\t\t<\/div>\n\t\t\t\t<\/div>\n\t\t<div class=\"elementor-element elementor-element-ec0d335 e-con-full e-flex e-con e-child\" data-id=\"ec0d335\" data-element_type=\"container\" data-settings=\"{&quot;background_background&quot;:&quot;classic&quot;}\">\n\t\t\t\t<div class=\"elementor-element elementor-element-9afcc1f elementor-widget elementor-widget-heading\" data-id=\"9afcc1f\" data-element_type=\"widget\" data-widget_type=\"heading.default\">\n\t\t\t\t\t<h2 class=\"elementor-heading-title elementor-size-default\">Dogodne warianty<br>od 30 do 80 m2<\/h2>\t\t\t\t<\/div>\n\t\t\t\t<div class=\"elementor-element elementor-element-dc13cf5 elementor-widget elementor-widget-text-editor\" data-id=\"dc13cf5\" data-element_type=\"widget\" data-widget_type=\"text-editor.default\">\n\t\t\t\t\t\t\t\t\t<p>Funkcjonalne i ustawne uk\u0142ady dla ka\u017cdego. Wybierz idealn\u0105 przestrze\u0144 dla siebie \u2013 od kawalerki po apartament z balkonem.<\/p>\t\t\t\t\t\t\t\t<\/div>\n\t\t\t\t<\/div>\n\t\t\t\t\t<\/div>\n\t\t\t\t<\/div>\n\t\t<div class=\"elementor-element elementor-element-77801a2 e-con-full e-flex e-con e-parent\" data-id=\"77801a2\" data-element_type=\"container\">\n\t\t\t\t<div class=\"elementor-element elementor-element-8ec5ff5 elementor-widget elementor-widget-google_maps\" data-id=\"8ec5ff5\" data-element_type=\"widget\" data-widget_type=\"google_maps.default\">\n\t\t\t\t\t\t\t<div class=\"elementor-custom-embed\">\n\t\t\t<iframe loading=\"lazy\"\n\t\t\t\t\tsrc=\"https:\/\/maps.google.com\/maps?q=Sp%C3%B3%C5%82dzielcza%201%20a%20Olkusz&#038;t=m&#038;z=10&#038;output=embed&#038;iwloc=near\"\n\t\t\t\t\ttitle=\"Sp\u00f3\u0142dzielcza 1 a Olkusz\"\n\t\t\t\t\taria-label=\"Sp\u00f3\u0142dzielcza 1 a Olkusz\"\n\t\t\t><\/iframe>\n\t\t<\/div>\n\t\t\t\t\t\t<\/div>\n\t\t\t\t<\/div>\n\t\t<div class=\"elementor-element elementor-element-74aac67 e-flex e-con-boxed e-con e-parent\" data-id=\"74aac67\" data-element_type=\"container\" data-settings=\"{&quot;background_background&quot;:&quot;classic&quot;}\">\n\t\t\t\t\t<div class=\"e-con-inner\">\n\t\t\t\t<div class=\"elementor-element elementor-element-70cffe0 elementor-widget elementor-widget-heading\" data-id=\"70cffe0\" data-element_type=\"widget\" data-widget_type=\"heading.default\">\n\t\t\t\t\t<h2 class=\"elementor-heading-title elementor-size-default\">Takie oferty <b>nie czekaj\u0105 wiecznie. <\/b><br>Czas na<b> tw\u00f3j ruch<\/b><\/h2>\t\t\t\t<\/div>\n\t\t\t\t\t<\/div>\n\t\t\t\t<\/div>\n\t\t<div class=\"elementor-element elementor-element-f130f43 e-flex e-con-boxed e-con e-parent\" data-id=\"f130f43\" data-element_type=\"container\" data-settings=\"{&quot;background_background&quot;:&quot;classic&quot;}\">\n\t\t\t\t\t<div class=\"e-con-inner\">\n\t\t<div class=\"elementor-element elementor-element-2334b57 e-con-full e-flex e-con e-child\" data-id=\"2334b57\" data-element_type=\"container\">\n\t\t<div class=\"elementor-element elementor-element-8c029cb e-con-full e-flex e-con e-child\" data-id=\"8c029cb\" data-element_type=\"container\" data-settings=\"{&quot;background_background&quot;:&quot;classic&quot;}\">\n\t\t\t\t<div class=\"elementor-element elementor-element-da4ab8e elementor-widget elementor-widget-heading\" data-id=\"da4ab8e\" data-element_type=\"widget\" data-widget_type=\"heading.default\">\n\t\t\t\t\t<h2 class=\"elementor-heading-title elementor-size-default\"><b>Wype\u0142nij formularz<\/b> i poznaj ofert\u0119<\/h2>\t\t\t\t<\/div>\n\t\t\t\t<div class=\"elementor-element elementor-element-c108bb2 elementor-widget elementor-widget-shortcode\" data-id=\"c108bb2\" data-element_type=\"widget\" data-widget_type=\"shortcode.default\">\n\t\t\t\t\t\t\t<div class=\"elementor-shortcode\"><div class=\"forminator-ui forminator-custom-form forminator-custom-form-57 forminator-design--default  forminator_ajax\" data-forminator-render=\"1\" data-form=\"forminator-module-57\" data-uid=\"69e5f48d5f516\"><br\/><\/div><form\n\t\t\t\tid=\"forminator-module-57\"\n\t\t\t\tclass=\"forminator-ui forminator-custom-form forminator-custom-form-57 forminator-design--default  forminator_ajax\"\n\t\t\t\tmethod=\"post\"\n\t\t\t\tdata-forminator-render=\"1\"\n\t\t\t\tdata-form-id=\"57\"\n\t\t\t\t data-color-option=\"theme\" data-design=\"default\" data-grid=\"open\" style=\"display: none;\"\n\t\t\t\tdata-uid=\"69e5f48d5f516\"\n\t\t\t><div role=\"alert\" aria-live=\"polite\" class=\"forminator-response-message forminator-error\" aria-hidden=\"true\"><\/div><div class=\"forminator-row\"><div id=\"name-1\" class=\"forminator-field-name forminator-col forminator-col-12 \"><div class=\"forminator-field\"><input type=\"text\" name=\"name-1\" value=\"\" placeholder=\"Imi\u0119 (Wymagane)\" id=\"forminator-field-name-1_69e5f48d5f516\" class=\"forminator-input forminator-name--field\" aria-required=\"true\" autocomplete=\"name\" \/><\/div><\/div><\/div><div class=\"forminator-row\"><div id=\"phone-1\" class=\"forminator-field-phone forminator-col forminator-col-12 \"><div class=\"forminator-field\"><input type=\"text\" name=\"phone-1\" value=\"\" placeholder=\"Telefon (Wymagane)\" id=\"forminator-field-phone-1_69e5f48d5f516\" class=\"forminator-input forminator-field--phone\" data-required=\"1\" aria-required=\"true\" autocomplete=\"off\" \/><\/div><\/div><\/div><div class=\"forminator-row\"><div id=\"email-1\" class=\"forminator-field-email forminator-col forminator-col-12 \"><div class=\"forminator-field\"><input type=\"email\" name=\"email-1\" value=\"\" placeholder=\"E-mail (Wymagane)\" id=\"forminator-field-email-1_69e5f48d5f516\" class=\"forminator-input forminator-email--field\" data-required=\"1\" aria-required=\"true\" autocomplete=\"email\" \/><\/div><\/div><\/div><div class=\"forminator-row\"><div id=\"checkbox-1\" class=\"forminator-field-checkbox forminator-col forminator-col-12 \"><div role=\"group\" class=\"forminator-field required\" aria-labelledby=\"forminator-checkbox-group-forminator-field-checkbox-1-69e5f48d5f516-label\"><label id=\"forminator-field-checkbox-1-1-69e5f48d5f516-label\" for=\"forminator-field-checkbox-1-1-69e5f48d5f516\" class=\"forminator-checkbox\" title=\"Zgadzam si\u0119 na przetwarzanie moich danych osobowych zgodnie z Polityk\u0105 Prywatno\u015bci\"><input type=\"checkbox\" name=\"checkbox-1[]\" value=\"one\" id=\"forminator-field-checkbox-1-1-69e5f48d5f516\" aria-labelledby=\"forminator-field-checkbox-1-1-69e5f48d5f516-label\" data-calculation=\"0\"   data-hidden-behavior=\"zero\"\/><span class=\"forminator-checkbox-box\" aria-hidden=\"true\"><\/span><span class=\"forminator-checkbox-label\">Zgadzam si\u0119 na przetwarzanie moich danych osobowych zgodnie z Polityk\u0105 Prywatno\u015bci<\/span><\/label><\/div><\/div><\/div><input type=\"hidden\" name=\"referer_url\" value=\"\" \/><div class=\"forminator-row forminator-row-last\"><div class=\"forminator-col\"><div class=\"forminator-field\"><button class=\"forminator-button forminator-button-submit\">Wy\u015blij wiadomo\u015b\u0107<\/button><\/div><\/div><\/div><input type=\"hidden\" id=\"forminator_nonce\" name=\"forminator_nonce\" value=\"bf28509930\" \/><input type=\"hidden\" name=\"_wp_http_referer\" value=\"\/index.php?rest_route=%2Fwp%2Fv2%2Fpages%2F8\" \/><input type=\"hidden\" name=\"form_id\" value=\"57\"><input type=\"hidden\" name=\"page_id\" value=\"8\"><input type=\"hidden\" name=\"form_type\" value=\"default\"><input type=\"hidden\" name=\"current_url\" value=\"https:\/\/silverpark.oferta-dewelopera.pl\/\"><input type=\"hidden\" name=\"render_id\" value=\"1\"><input type=\"hidden\" name=\"action\" value=\"forminator_submit_form_custom-forms\"><label for=\"input_5\" class=\"forminator-hidden\" aria-hidden=\"true\">Please do not fill in this field. <input id=\"input_5\" type=\"text\" name=\"input_5\" value=\"\" autocomplete=\"off\"><\/label><label for=\"input_5\" class=\"forminator-hidden\" aria-hidden=\"true\">Please do not fill in this field. <input id=\"input_5\" type=\"text\" name=\"input_5\" value=\"\" autocomplete=\"off\"><\/label><\/form><\/div>\n\t\t\t\t\t\t<\/div>\n\t\t\t\t<\/div>\n\t\t<div class=\"elementor-element elementor-element-5f4c3e8 e-con-full e-flex e-con e-child\" data-id=\"5f4c3e8\" data-element_type=\"container\" data-settings=\"{&quot;background_background&quot;:&quot;slideshow&quot;,&quot;background_slideshow_gallery&quot;:[{&quot;id&quot;:42,&quot;url&quot;:&quot;https:\\\/\\\/silverpark.oferta-dewelopera.pl\\\/wp-content\\\/uploads\\\/2025\\\/12\\\/1.jpg&quot;},{&quot;id&quot;:43,&quot;url&quot;:&quot;https:\\\/\\\/silverpark.oferta-dewelopera.pl\\\/wp-content\\\/uploads\\\/2025\\\/12\\\/image1.jpeg&quot;},{&quot;id&quot;:44,&quot;url&quot;:&quot;https:\\\/\\\/silverpark.oferta-dewelopera.pl\\\/wp-content\\\/uploads\\\/2025\\\/12\\\/mieszkanie2.jpg&quot;}],&quot;background_slideshow_slide_duration&quot;:3600,&quot;background_slideshow_loop&quot;:&quot;yes&quot;,&quot;background_slideshow_slide_transition&quot;:&quot;fade&quot;,&quot;background_slideshow_transition_duration&quot;:500}\">\n\t\t\t\t<\/div>\n\t\t\t\t<\/div>\n\t\t\t\t\t<\/div>\n\t\t\t\t<\/div>\n\t\t<div class=\"elementor-element elementor-element-cdd8784 e-flex e-con-boxed e-con e-parent\" data-id=\"cdd8784\" data-element_type=\"container\" data-settings=\"{&quot;background_background&quot;:&quot;classic&quot;}\">\n\t\t\t\t\t<div class=\"e-con-inner\">\n\t\t<div class=\"elementor-element elementor-element-3ced5e3 e-con-full e-flex e-con e-child\" data-id=\"3ced5e3\" data-element_type=\"container\">\n\t\t\t\t<div class=\"elementor-element elementor-element-81d1fee elementor-widget elementor-widget-heading\" data-id=\"81d1fee\" data-element_type=\"widget\" data-widget_type=\"heading.default\">\n\t\t\t\t\t<h2 class=\"elementor-heading-title elementor-size-default\">Bezpo\u015bredni <b>kontakt<\/b><\/h2>\t\t\t\t<\/div>\n\t\t\t\t<\/div>\n\t\t<div class=\"elementor-element elementor-element-23185d3 e-con-full e-flex e-con e-child\" data-id=\"23185d3\" data-element_type=\"container\">\n\t\t\t\t<div class=\"elementor-element elementor-element-b070d62 elementor-position-inline-start elementor-mobile-position-inline-start elementor-view-default elementor-widget elementor-widget-icon-box\" data-id=\"b070d62\" data-element_type=\"widget\" data-widget_type=\"icon-box.default\">\n\t\t\t\t\t\t\t<div class=\"elementor-icon-box-wrapper\">\n\n\t\t\t\t\t\t<div class=\"elementor-icon-box-icon\">\n\t\t\t\t<span  class=\"elementor-icon\">\n\t\t\t\t<svg aria-hidden=\"true\" class=\"e-font-icon-svg e-far-envelope\" viewBox=\"0 0 512 512\" xmlns=\"http:\/\/www.w3.org\/2000\/svg\"><path d=\"M464 64H48C21.49 64 0 85.49 0 112v288c0 26.51 21.49 48 48 48h416c26.51 0 48-21.49 48-48V112c0-26.51-21.49-48-48-48zm0 48v40.805c-22.422 18.259-58.168 46.651-134.587 106.49-16.841 13.247-50.201 45.072-73.413 44.701-23.208.375-56.579-31.459-73.413-44.701C106.18 199.465 70.425 171.067 48 152.805V112h416zM48 400V214.398c22.914 18.251 55.409 43.862 104.938 82.646 21.857 17.205 60.134 55.186 103.062 54.955 42.717.231 80.509-37.199 103.053-54.947 49.528-38.783 82.032-64.401 104.947-82.653V400H48z\"><\/path><\/svg>\t\t\t\t<\/span>\n\t\t\t<\/div>\n\t\t\t\n\t\t\t\t\t\t<div class=\"elementor-icon-box-content\">\n\n\t\t\t\t\t\t\t\t\t<h3 class=\"elementor-icon-box-title\">\n\t\t\t\t\t\t<span  >\n\t\t\t\t\t\t\tsilverpark@mieszkania-olkusz.pl\t\t\t\t\t\t<\/span>\n\t\t\t\t\t<\/h3>\n\t\t\t\t\n\t\t\t\t\n\t\t\t<\/div>\n\t\t\t\n\t\t<\/div>\n\t\t\t\t\t\t<\/div>\n\t\t\t\t<div class=\"elementor-element elementor-element-7eb7ffd elementor-position-inline-start elementor-mobile-position-inline-start elementor-view-default elementor-widget elementor-widget-icon-box\" data-id=\"7eb7ffd\" data-element_type=\"widget\" data-widget_type=\"icon-box.default\">\n\t\t\t\t\t\t\t<div class=\"elementor-icon-box-wrapper\">\n\n\t\t\t\t\t\t<div class=\"elementor-icon-box-icon\">\n\t\t\t\t<span  class=\"elementor-icon\">\n\t\t\t\t<svg aria-hidden=\"true\" class=\"e-font-icon-svg e-fas-tablet-alt\" viewBox=\"0 0 448 512\" xmlns=\"http:\/\/www.w3.org\/2000\/svg\"><path d=\"M400 0H48C21.5 0 0 21.5 0 48v416c0 26.5 21.5 48 48 48h352c26.5 0 48-21.5 48-48V48c0-26.5-21.5-48-48-48zM224 480c-17.7 0-32-14.3-32-32s14.3-32 32-32 32 14.3 32 32-14.3 32-32 32zm176-108c0 6.6-5.4 12-12 12H60c-6.6 0-12-5.4-12-12V60c0-6.6 5.4-12 12-12h328c6.6 0 12 5.4 12 12v312z\"><\/path><\/svg>\t\t\t\t<\/span>\n\t\t\t<\/div>\n\t\t\t\n\t\t\t\t\t\t<div class=\"elementor-icon-box-content\">\n\n\t\t\t\t\t\t\t\t\t<h3 class=\"elementor-icon-box-title\">\n\t\t\t\t\t\t<span  >\n\t\t\t\t\t\t\t+48 797 475 306\t\t\t\t\t\t<\/span>\n\t\t\t\t\t<\/h3>\n\t\t\t\t\n\t\t\t\t\n\t\t\t<\/div>\n\t\t\t\n\t\t<\/div>\n\t\t\t\t\t\t<\/div>\n\t\t\t\t<\/div>\n\t\t\t\t\t<\/div>\n\t\t\t\t<\/div>\n\t\t<div class=\"elementor-element elementor-element-23baafe e-flex e-con-boxed e-con e-parent\" data-id=\"23baafe\" data-element_type=\"container\">\n\t\t\t\t\t<div class=\"e-con-inner\">\n\t\t\t\t<div class=\"elementor-element elementor-element-8df7b27 elementor-widget elementor-widget-text-editor\" data-id=\"8df7b27\" data-element_type=\"widget\" data-widget_type=\"text-editor.default\">\n\t\t\t\t\t\t\t\t\t<p><em><a href=\"https:\/\/mieszkania-olkusz.pl\/polityka-prywatnosci\">Polityka Prywatno\u015bci Cookies<\/a><\/em><\/p>\t\t\t\t\t\t\t\t<\/div>\n\t\t\t\t\t<\/div>\n\t\t\t\t<\/div>\n\t\t\t\t<\/div>\n\t\t","protected":false},"excerpt":{"rendered":"<p>Zadzwo\u0144: +48 797 475 306 Nowoczesne mieszkania w OlkuszuOd 269&nbsp;169&nbsp;z\u0142 w harmonogramie 30\/70 56 mieszka\u0144 w centrum Olkusza o powierzchniach od 30\u00a0do 80 m2. Dzisiaj p\u0142acisz 30%, a 70% pod odbiorze. Wype\u0142nij formularz i poznaj ofert\u0119 Co zyskasz mieszkaj\u0105c w Silver Park? Poznaj jedne z wielu atut\u00f3w inwestycji Silver Park w Olkuszu Mieszkanie w centrumOlkusza [&hellip;]<\/p>\n","protected":false},"author":1,"featured_media":0,"parent":0,"menu_order":0,"comment_status":"closed","ping_status":"closed","template":"elementor_canvas","meta":{"footnotes":""},"class_list":["post-8","page","type-page","status-publish","hentry"],"_links":{"self":[{"href":"https:\/\/silverpark.oferta-dewelopera.pl\/index.php?rest_route=\/wp\/v2\/pages\/8","targetHints":{"allow":["GET"]}}],"collection":[{"href":"https:\/\/silverpark.oferta-dewelopera.pl\/index.php?rest_route=\/wp\/v2\/pages"}],"about":[{"href":"https:\/\/silverpark.oferta-dewelopera.pl\/index.php?rest_route=\/wp\/v2\/types\/page"}],"author":[{"embeddable":true,"href":"https:\/\/silverpark.oferta-dewelopera.pl\/index.php?rest_route=\/wp\/v2\/users\/1"}],"replies":[{"embeddable":true,"href":"https:\/\/silverpark.oferta-dewelopera.pl\/index.php?rest_route=%2Fwp%2Fv2%2Fcomments&post=8"}],"version-history":[{"count":65,"href":"https:\/\/silverpark.oferta-dewelopera.pl\/index.php?rest_route=\/wp\/v2\/pages\/8\/revisions"}],"predecessor-version":[{"id":89,"href":"https:\/\/silverpark.oferta-dewelopera.pl\/index.php?rest_route=\/wp\/v2\/pages\/8\/revisions\/89"}],"wp:attachment":[{"href":"https:\/\/silverpark.oferta-dewelopera.pl\/index.php?rest_route=%2Fwp%2Fv2%2Fmedia&parent=8"}],"curies":[{"name":"wp","href":"https:\/\/api.w.org\/{rel}","templated":true}]}}